{"id":243,"date":"2023-08-18T03:16:10","date_gmt":"2023-08-18T03:16:10","guid":{"rendered":"https:\/\/pixelkraft.com.mx\/pixel\/?page_id=243"},"modified":"2023-08-18T03:30:25","modified_gmt":"2023-08-18T03:30:25","slug":"configuracion","status":"publish","type":"page","link":"https:\/\/pixelkraft.com.mx\/pixel\/configuracion\/","title":{"rendered":"Configuraci\u00f3n"},"content":{"rendered":"\n\n\n<p>Si lo tuyo es la creatividad, la administraci\u00f3n, los negocios o cualquier otra actividad y no tienes tiempo para configurar tu computadora, tu software y tu hardware, podemos ayudarte para que puedas concentrarte en tu trabajo.<\/p>\n<p>Encontrar el sistema operativo vigente, instalarlo, actualizarlo, instalar nuestro software de trabajo y checar si es compatible con el nuevo sistema, si no es compatible habr\u00e1 que actualizar programas, y despu\u00e9s de es habr\u00e1 que ver que controladores de nuestro hardware es compatible y cual no.<\/p>\n<p><br>Al final del d\u00eda hicimos nuestro mejor esfuerzo para configurar nuestro equipo y quiz\u00e1s solo quer\u00edamos mandar un eMail, imprimir un PDF, terminar el arreglo de una canci\u00f3n, acabar esa edici\u00f3n.<\/p>\n<p><br>Cuando configuramos una computadora tomamos en cuenta las necesidades t\u00e9cnico-profesionales de los clientes y trabajamos en sus computadoras como si fu\u00e9ramos nosotros los que vamos a trabajar con ellas y nos esmeramos en cada detalle.<\/p>\n<p><br>Siempre empezamos con una copia del disco de tu computadora en un o de nuestros discos de respaldo para asegurar que tu informaci\u00f3n estar\u00e1 segura durante todo el proceso de actualizaci\u00f3n de tu equipo.<\/p>\n<p>&nbsp;<\/p>\n\n\n\n\n\n","protected":false},"excerpt":{"rendered":"","protected":false},"author":1,"featured_media":0,"parent":0,"menu_order":0,"comment_status":"closed","ping_status":"closed","template":"","meta":{"pagelayer_contact_templates":[],"_pagelayer_content":"","footnotes":""},"class_list":["post-243","page","type-page","status-publish","hentry"],"_links":{"self":[{"href":"https:\/\/pixelkraft.com.mx\/pixel\/wp-json\/wp\/v2\/pages\/243","targetHints":{"allow":["GET"]}}],"collection":[{"href":"https:\/\/pixelkraft.com.mx\/pixel\/wp-json\/wp\/v2\/pages"}],"about":[{"href":"https:\/\/pixelkraft.com.mx\/pixel\/wp-json\/wp\/v2\/types\/page"}],"author":[{"embeddable":true,"href":"https:\/\/pixelkraft.com.mx\/pixel\/wp-json\/wp\/v2\/users\/1"}],"replies":[{"embeddable":true,"href":"https:\/\/pixelkraft.com.mx\/pixel\/wp-json\/wp\/v2\/comments?post=243"}],"version-history":[{"count":3,"href":"https:\/\/pixelkraft.com.mx\/pixel\/wp-json\/wp\/v2\/pages\/243\/revisions"}],"predecessor-version":[{"id":268,"href":"https:\/\/pixelkraft.com.mx\/pixel\/wp-json\/wp\/v2\/pages\/243\/revisions\/268"}],"wp:attachment":[{"href":"https:\/\/pixelkraft.com.mx\/pixel\/wp-json\/wp\/v2\/media?parent=243"}],"curies":[{"name":"wp","href":"https:\/\/api.w.org\/{rel}","templated":true}]}}